{"id":4459,"date":"2020-03-03T02:03:31","date_gmt":"2020-03-03T02:03:31","guid":{"rendered":"https:\/\/www.balticrentals.lt\/prisijungti-uzsiregistruoti\/"},"modified":"2023-07-08T08:46:46","modified_gmt":"2023-07-08T08:46:46","slug":"prisijungti-uzsiregistruoti","status":"publish","type":"page","link":"https:\/\/www.balticrentals.lt\/lt\/prisijungti-uzsiregistruoti\/","title":{"rendered":"Prisijungti \/ U\u017esiregistruoti"},"content":{"rendered":"\t\t<div data-elementor-type=\"wp-page\" data-elementor-id=\"4459\" class=\"elementor elementor-4459 elementor-1472\">\n\t\t\t\t\t\t<section class=\"elementor-section elementor-top-section elementor-element elementor-element-573c8de elementor-section-stretched elementor-section-boxed elementor-section-height-default elementor-section-height-default\" data-id=\"573c8de\" data-element_type=\"section\" data-settings=\"{&quot;stretch_section&quot;:&quot;section-stretched&quot;}\">\n\t\t\t\t\t\t<div class=\"elementor-container elementor-column-gap-extended\">\n\t\t\t\t\t<div class=\"elementor-column elementor-col-50 elementor-top-column elementor-element elementor-element-e63f4e4\" data-id=\"e63f4e4\" data-element_type=\"column\">\n\t\t\t<div class=\"elementor-widget-wrap elementor-element-populated\">\n\t\t\t\t\t\t<div class=\"elementor-element elementor-element-a619376 elementor-widget elementor-widget-heading\" data-id=\"a619376\" data-element_type=\"widget\" data-widget_type=\"heading.default\">\n\t\t\t\t<div class=\"elementor-widget-container\">\n\t\t\t\t\t<h2 class=\"elementor-heading-title elementor-size-default\">Prisijungti <\/h2>\t\t\t\t<\/div>\n\t\t\t\t<\/div>\n\t\t\t\t<div class=\"elementor-element elementor-element-6a82eae elementor-widget elementor-widget-text-editor\" data-id=\"6a82eae\" data-element_type=\"widget\" data-widget_type=\"text-editor.default\">\n\t\t\t\t<div class=\"elementor-widget-container\">\n\t\t\t\t\t\t\t\t\t<div class=\"login-form-wrapper\">\n\t\n\t\t\n\t<div id=\"login-form-wrapper\" class=\"form-container box-white-dashboard form-login-register-inner\">\n\t\t<form class=\"login-form\" action=\"https:\/\/www.balticrentals.lt\/lt\/\" method=\"post\">\n\t\t\t<div class=\"wrapper-social-login\"><div class=\"inner-social\">    \t<div class=\"facebook-login-btn-wrapper\">\n    \t\t<a class=\"facebook-login-btn\" href=\"https:\/\/www.facebook.com\/v2.10\/dialog\/oauth?client_id=1334312757112229&#038;state=a19fc02094efadbacd813c1865fb1804&#038;response_type=code&#038;sdk=php-sdk-5.6.1&#038;redirect_uri=https%3A%2F%2Fwww.balticrentals.lt%2Fwp-admin%2Fadmin-ajax.php%3Faction%3Dwp_realestate_facebook_login&#038;scope=email\"><i class=\"fab fa-facebook-f\"><\/i><span>Login with Facebook<\/span><\/a>\n    \t<\/div>\n    \t        <div class=\"google-login-btn-wrapper\">\n            <a class=\"google-login-btn\" href=\"https:\/\/accounts.google.com\/o\/oauth2\/auth?response_type=code&#038;redirect_uri=https%3A%2F%2Fwww.balticrentals.lt%2Flt%2F&#038;client_id=118324970489-9jeo7ai17tkqkegtgu4etndq7b3lp3nq.apps.googleusercontent.com&#038;scope=email&#038;access_type=online&#038;approval_prompt=auto\"><i class=\"fab fa-google\"><\/i><span>Login with Google<\/span><\/a>\n        <\/div>\n                <div class=\"linkedin-login-btn-wrapper\">\n            <a class=\"linkedin-login-btn\" href=\"https:\/\/www.linkedin.com\/uas\/oauth2\/authorization?client_id=781rz62lupqqsr&#038;redirect_uri=https%3A%2F%2Fwww.balticrentals.lt%2Flt%2F%3Faction%3Dlinkedin_login&#038;response_type=code&#038;scope=r_liteprofile+r_emailaddress&#038;state=ZE8PtNODSErX\"><i class=\"fab fa-linkedin-in\"><\/i><span>Login with LinkedIn<\/span><\/a>\n        <\/div>\n                <div class=\"twitter-login-btn-wrapper\">\n            <a class=\"twitter-login-btn\" href=\"https:\/\/www.balticrentals.lt\/wp-admin\/admin-ajax.php?action=wp_realestate_twitter\"><i class=\"fab fa-x-twitter\"><\/i><span>Login with Twitter<\/span><\/a>\n        <\/div>\n        \t\t\t<div style=\"margin: 5px 0 20px;\">\n\t\t\t\t<p style=\"font-size: 14px;\">\n\t\t\t\t\tProve your humanity\t\t\t\t<\/p>\n\t\t\t\t<br\/>\n\t\t\t\t<label for=\"jetpack_protect_answer\" style=\"vertical-align:super;\">\n\t\t\t\t\t8 &nbsp; + &nbsp; 4 &nbsp; = &nbsp;\t\t\t\t<\/label>\n\t\t\t\t<input type=\"number\" id=\"jetpack_protect_answer\" name=\"jetpack_protect_num\" value=\"\" size=\"2\" style=\"width:50px;height:25px;vertical-align:middle;font-size:13px;\" class=\"input\" \/>\n\t\t\t\t<input type=\"hidden\" name=\"jetpack_protect_answer\" value=\"4407551e0eecd9fdb18898cdb3f8ddc60550a728\" \/>\n\t\t\t<\/div>\n\t\t\t<div class=\"line-header\"><span>or<\/span><\/div><\/div><\/div>\t\t\t<div class=\"form-group\">\n\t\t\t\t<i class=\"flaticon-user\"><\/i>\n\t\t\t\t<label for=\"username_or_email\" class=\"hidden\">Vartotojo vardas arba elektroninio pa\u0161to adresas<\/label>\n                <sup class=\"required-field\">*<\/sup>\n\t\t\t\t<input autocomplete=\"off\" type=\"text\" name=\"username\" class=\"form-control\" id=\"username_or_email\" placeholder=\"\u012eveskite vartotojo vard\u0105 arba el\">\n\t\t\t<\/div>\n\t\t\t<div class=\"form-group\">\n\t\t\t\t<i class=\"flaticon-password\"><\/i>\n\t\t\t\t<label for=\"login_password\" class=\"hidden\">Slapta\u017eodis<\/label>\n                <sup class=\"required-field\">*<\/sup>\n\t\t\t\t<input name=\"password\" type=\"password\" class=\"password required form-control\" id=\"login_password\" placeholder=\"\u012evesti slapta\u017eod\u012f\">\n\t\t\t<\/div>\n\t\t\t<div class=\"row space-15\">\n\t\t\t\t<div class=\"col-sm-6\">\n\t\t\t\t\t<label for=\"user-remember-field\">\n\t\t\t\t\t\t<input type=\"checkbox\" name=\"remember\" id=\"user-remember-field\" value=\"true\"> Palikti mane prisijungus\u012f\t\t\t\t\t<\/label>\n\t\t\t\t<\/div>\n\t\t\t\t<div class=\"col-sm-6 text-right\">\n\t\t\t\t\t<a href=\"#forgot-password-form-wrapper\" class=\"back-link\" title=\"Pamir\u0161ote slapta\u017eod\u012f\">Pamir\u0161ote slapta\u017eod\u012f?<\/a>\n\t\t\t\t<\/div>\n\t\t\t<\/div>\n\t\t\t<div class=\"form-group no-margin\">\n\t\t\t\t<input type=\"submit\" class=\"btn btn-theme btn-block\" name=\"submit\" value=\"Prisijungti\"\/>\n\t\t\t\t<div class=\"register-info\">\n\t\t\t\t\tAr neturite paskyros?\t\t\t\t\t<a class=\"apus-user-register\" href=\"#apus_register_form\">\n\t                    Registruotis\t                <\/a>\n                <\/div>\n\t\t\t<\/div>\n\t\t\t<input type=\"hidden\" id=\"security_login\" name=\"security_login\" value=\"f2204ffa1a\" \/><input type=\"hidden\" name=\"_wp_http_referer\" value=\"\/lt\/wp-json\/wp\/v2\/pages\/4459\" \/>\t\t<\/form>\n\t<\/div>\n\t<!-- reset form -->\n\t<div id=\"forgot-password-form-wrapper\" class=\"form-container\">\n\t\t<form name=\"forgotpasswordform\" class=\"forgotpassword-form\" action=\"https:\/\/www.balticrentals.lt\/lt\/wp-login.php?action=lostpassword\" method=\"post\">\n\t\t\t<h3>Atstatyti slapta\u017eod\u012f<\/h3>\n\t\t\t<div class=\"lostpassword-fields\">\n\t\t\t\t<div class=\"form-group\">\n\t\t\t\t\t<label for=\"lostpassword_username\">Vartotojo vardas arba elektroninio pa\u0161to adresas<\/label>\n            \t\t<sup class=\"required-field\">*<\/sup>\n\t\t\t\t\t<input type=\"text\" name=\"user_login\" class=\"user_login form-control\" id=\"lostpassword_username\" placeholder=\"\u012eveskite vartotojo vard\u0105 arba el\">\n\t\t\t\t<\/div>\n\t\t\t\t<input type=\"hidden\" id=\"security_lostpassword\" name=\"security_lostpassword\" value=\"a8b9b259c1\" \/><input type=\"hidden\" name=\"_wp_http_referer\" value=\"\/lt\/wp-json\/wp\/v2\/pages\/4459\" \/>\n\t\t\t\t\t\t            <div id=\"recaptcha-contact-form\" class=\"ga-recaptcha\" data-sitekey=\"6LfIWHQeAAAAAHL92UDRoejBhxzyu6pTMto6JVTf\"><\/div>\n\t\t      \t\n\t\t\t\t<div class=\"form-group\">\n\t\t\t\t\t<input type=\"submit\" class=\"btn btn-theme btn-block\" name=\"wp-submit\" value=\"Gaukite nauj\u0105 slapta\u017eod\u012f\" tabindex=\"100\" \/>\n\t\t\t\t\t<input type=\"button\" class=\"btn btn-danger btn-block btn-cancel\" value=\"At\u0161aukti\" tabindex=\"101\" \/>\n\t\t\t\t<\/div>\n\t\t\t<\/div>\n\t\t\t<div class=\"lostpassword-link\"><a href=\"#login-form-wrapper\" class=\"back-link\">Atgal \u012f prisijungim\u0105<\/a><\/div>\n\t\t<\/form>\n\t<\/div>\n<\/div>\n\t\t\t\t\t\t\t\t<\/div>\n\t\t\t\t<\/div>\n\t\t\t\t\t<\/div>\n\t\t<\/div>\n\t\t\t\t<div class=\"elementor-column elementor-col-50 elementor-top-column elementor-element elementor-element-dd0d95a\" data-id=\"dd0d95a\" data-element_type=\"column\">\n\t\t\t<div class=\"elementor-widget-wrap elementor-element-populated\">\n\t\t\t\t\t\t<div class=\"elementor-element elementor-element-7078f06 elementor-widget elementor-widget-heading\" data-id=\"7078f06\" data-element_type=\"widget\" data-widget_type=\"heading.default\">\n\t\t\t\t<div class=\"elementor-widget-container\">\n\t\t\t\t\t<h2 class=\"elementor-heading-title elementor-size-default\">Registruotis<\/h2>\t\t\t\t<\/div>\n\t\t\t\t<\/div>\n\t\t\t\t<div class=\"elementor-element elementor-element-c2722a7 elementor-widget elementor-widget-text-editor\" data-id=\"c2722a7\" data-element_type=\"widget\" data-widget_type=\"text-editor.default\">\n\t\t\t\t<div class=\"elementor-widget-container\">\n\t\t\t\t\t\t\t\t\t<div class=\"register-form-wrapper\">\n  \t<div class=\"container-form\">\n      \t<form name=\"registerForm\" method=\"post\" class=\"register-form box-white-dashboard form-login-register-inner\">\n      \t\t\n\t\t\t<div class=\"form-group\">\n\t\t\t\t<i class=\"flaticon-user\"><\/i>\n\t\t\t\t<input type=\"text\" class=\"form-control\" name=\"username\" id=\"register-username\" placeholder=\"Vartotojo vardas\">\n\t\t\t<\/div>\n\t\t\t<div class=\"form-group\">\n\t\t\t\t<i class=\"flaticon-envelope\"><\/i>\n\t\t\t\t<input type=\"text\" class=\"form-control\" name=\"email\" id=\"register-email\" placeholder=\"El. pa\u0161tas\">\n\t\t\t<\/div>\n\n\t\t\t\n\t\t\t<div class=\"form-group\">\n\t\t\t\t<i class=\"flaticon-password\"><\/i>\n\t\t\t\t<input type=\"password\" class=\"form-control\" name=\"password\" id=\"password\" placeholder=\"Slapta\u017eodis\">\n\t\t\t<\/div>\n\n\t\t\t<div class=\"form-group\">\n\t\t\t\t<i class=\"flaticon-password\"><\/i>\n\t\t\t\t<input type=\"password\" class=\"form-control\" name=\"confirmpassword\" id=\"confirmpassword\" placeholder=\"Pakartokite slapta\u017eod\u012f\">\n\t\t\t<\/div>\n\n\t\t\t<div class=\"form-group\">\n\t\t\t\t<i class=\"flaticon-user-1\"><\/i>\n\t\t\t\t<select class=\"form-control\" name=\"role\">\n\t\t\t\t\t<option value=\"\">Pasirinkite Role<\/option>\n\t\t\t\t\t<option value=\"subscriber\">Vartotojas<\/option>\n\n\t\t\t\t\t\t\t\t\t\t\t<option value=\"wp_realestate_agent\">Agentas<\/option>\n\t\t\t\t\t\n\t\t\t\t\t\t\t\t\t\t\t<option value=\"wp_realestate_agency\">Agent\u016bra<\/option>\n\t\t\t\t\t\t\t\t\t<\/select>\n\t\t\t<\/div>\n\n\t\t\t<input type=\"hidden\" id=\"security_register\" name=\"security_register\" value=\"a2746b01ce\" \/><input type=\"hidden\" name=\"_wp_http_referer\" value=\"\/lt\/wp-json\/wp\/v2\/pages\/4459\" \/>\n\t\t\t\t            <div id=\"recaptcha-contact-form\" class=\"ga-recaptcha\" data-sitekey=\"6LfIWHQeAAAAAHL92UDRoejBhxzyu6pTMto6JVTf\"><\/div>\n\t      \t\n\t      \t\n\t\t\t<div class=\"form-group no-margin\">\n\t\t\t\t<button type=\"submit\" class=\"btn btn-theme btn-block\" name=\"submitRegister\">\n\t\t\t\t\tRegistruotis\t\t\t\t<\/button>\n\t\t\t<\/div>\n      \t<\/form>\n\n      \t\n\n\t\t<div class=\"login-info\">\n\t\t\tJau turite paskyr\u0105?\t\t\t<a class=\"apus-user-login\" href=\"#apus_login_forgot_form\">\n                Prisijungti            <\/a>\n        <\/div>\n\n\t\t\n    <\/div>\n<\/div>\n\t\t\t\t\t\t\t\t<\/div>\n\t\t\t\t<\/div>\n\t\t\t\t\t<\/div>\n\t\t<\/div>\n\t\t\t\t\t<\/div>\n\t\t<\/section>\n\t\t\t\t<\/div>\n\t\t","protected":false},"excerpt":{"rendered":"<p>Prisijungti Registruotis<\/p>\n","protected":false},"author":1,"featured_media":0,"parent":0,"menu_order":0,"comment_status":"closed","ping_status":"closed","template":"","meta":{"_uf_show_specific_survey":0,"_uf_disable_surveys":false,"footnotes":""},"class_list":["post-4459","page","type-page","status-publish","hentry"],"yoast_head":"<!-- This site is optimized with the Yoast SEO Premium plugin v23.0 (Yoast SEO v26.7) - https:\/\/yoast.com\/wordpress\/plugins\/seo\/ -->\n<title>Prisijungti \/ U\u017esiregistruoti - Balticrentals.lt<\/title>\n<meta name=\"robots\" content=\"index, follow, max-snippet:-1, max-image-preview:large, max-video-preview:-1\" \/>\n<link rel=\"canonical\" href=\"https:\/\/www.balticrentals.lt\/lt\/prisijungti-uzsiregistruoti\/\" \/>\n<meta property=\"og:locale\" content=\"lt_LT\" \/>\n<meta property=\"og:type\" content=\"article\" \/>\n<meta property=\"og:title\" content=\"Prisijungti \/ U\u017esiregistruoti\" \/>\n<meta property=\"og:description\" content=\"Prisijungti Registruotis\" \/>\n<meta property=\"og:url\" content=\"https:\/\/www.balticrentals.lt\/lt\/prisijungti-uzsiregistruoti\/\" \/>\n<meta property=\"og:site_name\" content=\"Balticrentals.lt\" \/>\n<meta property=\"article:publisher\" content=\"https:\/\/www.facebook.com\/balticrentals.lt\/\" \/>\n<meta property=\"article:modified_time\" content=\"2023-07-08T08:46:46+00:00\" \/>\n<meta property=\"og:image\" content=\"https:\/\/www.balticrentals.lt\/wp-content\/uploads\/2023\/02\/balticrentals_1200x675.jpg\" \/>\n\t<meta property=\"og:image:width\" content=\"1200\" \/>\n\t<meta property=\"og:image:height\" content=\"675\" \/>\n\t<meta property=\"og:image:type\" content=\"image\/jpeg\" \/>\n<meta name=\"twitter:card\" content=\"summary_large_image\" \/>\n<meta name=\"twitter:site\" content=\"@balticrentals\" \/>\n<script type=\"application\/ld+json\" class=\"yoast-schema-graph\">{\"@context\":\"https:\/\/schema.org\",\"@graph\":[{\"@type\":\"WebPage\",\"@id\":\"https:\/\/www.balticrentals.lt\/lt\/prisijungti-uzsiregistruoti\/\",\"url\":\"https:\/\/www.balticrentals.lt\/lt\/prisijungti-uzsiregistruoti\/\",\"name\":\"Prisijungti \/ U\u017esiregistruoti - Balticrentals.lt\",\"isPartOf\":{\"@id\":\"https:\/\/www.balticrentals.lt\/lt\/#website\"},\"datePublished\":\"2020-03-03T02:03:31+00:00\",\"dateModified\":\"2023-07-08T08:46:46+00:00\",\"breadcrumb\":{\"@id\":\"https:\/\/www.balticrentals.lt\/lt\/prisijungti-uzsiregistruoti\/#breadcrumb\"},\"inLanguage\":\"lt-LT\",\"potentialAction\":[{\"@type\":\"ReadAction\",\"target\":[\"https:\/\/www.balticrentals.lt\/lt\/prisijungti-uzsiregistruoti\/\"]}]},{\"@type\":\"BreadcrumbList\",\"@id\":\"https:\/\/www.balticrentals.lt\/lt\/prisijungti-uzsiregistruoti\/#breadcrumb\",\"itemListElement\":[{\"@type\":\"ListItem\",\"position\":1,\"name\":\"Home\",\"item\":\"https:\/\/www.balticrentals.lt\/lt\/\"},{\"@type\":\"ListItem\",\"position\":2,\"name\":\"Prisijungti \/ U\u017esiregistruoti\"}]},{\"@type\":\"WebSite\",\"@id\":\"https:\/\/www.balticrentals.lt\/lt\/#website\",\"url\":\"https:\/\/www.balticrentals.lt\/lt\/\",\"name\":\"Balticrentals.lt\",\"description\":\"\",\"potentialAction\":[{\"@type\":\"SearchAction\",\"target\":{\"@type\":\"EntryPoint\",\"urlTemplate\":\"https:\/\/www.balticrentals.lt\/lt\/?s={search_term_string}\"},\"query-input\":{\"@type\":\"PropertyValueSpecification\",\"valueRequired\":true,\"valueName\":\"search_term_string\"}}],\"inLanguage\":\"lt-LT\"}]}<\/script>\n<!-- \/ Yoast SEO Premium plugin. -->","yoast_head_json":{"title":"Prisijungti \/ U\u017esiregistruoti - Balticrentals.lt","robots":{"index":"index","follow":"follow","max-snippet":"max-snippet:-1","max-image-preview":"max-image-preview:large","max-video-preview":"max-video-preview:-1"},"canonical":"https:\/\/www.balticrentals.lt\/lt\/prisijungti-uzsiregistruoti\/","og_locale":"lt_LT","og_type":"article","og_title":"Prisijungti \/ U\u017esiregistruoti","og_description":"Prisijungti Registruotis","og_url":"https:\/\/www.balticrentals.lt\/lt\/prisijungti-uzsiregistruoti\/","og_site_name":"Balticrentals.lt","article_publisher":"https:\/\/www.facebook.com\/balticrentals.lt\/","article_modified_time":"2023-07-08T08:46:46+00:00","og_image":[{"width":1200,"height":675,"url":"https:\/\/www.balticrentals.lt\/wp-content\/uploads\/2023\/02\/balticrentals_1200x675.jpg","type":"image\/jpeg"}],"twitter_card":"summary_large_image","twitter_site":"@balticrentals","schema":{"@context":"https:\/\/schema.org","@graph":[{"@type":"WebPage","@id":"https:\/\/www.balticrentals.lt\/lt\/prisijungti-uzsiregistruoti\/","url":"https:\/\/www.balticrentals.lt\/lt\/prisijungti-uzsiregistruoti\/","name":"Prisijungti \/ U\u017esiregistruoti - Balticrentals.lt","isPartOf":{"@id":"https:\/\/www.balticrentals.lt\/lt\/#website"},"datePublished":"2020-03-03T02:03:31+00:00","dateModified":"2023-07-08T08:46:46+00:00","breadcrumb":{"@id":"https:\/\/www.balticrentals.lt\/lt\/prisijungti-uzsiregistruoti\/#breadcrumb"},"inLanguage":"lt-LT","potentialAction":[{"@type":"ReadAction","target":["https:\/\/www.balticrentals.lt\/lt\/prisijungti-uzsiregistruoti\/"]}]},{"@type":"BreadcrumbList","@id":"https:\/\/www.balticrentals.lt\/lt\/prisijungti-uzsiregistruoti\/#breadcrumb","itemListElement":[{"@type":"ListItem","position":1,"name":"Home","item":"https:\/\/www.balticrentals.lt\/lt\/"},{"@type":"ListItem","position":2,"name":"Prisijungti \/ U\u017esiregistruoti"}]},{"@type":"WebSite","@id":"https:\/\/www.balticrentals.lt\/lt\/#website","url":"https:\/\/www.balticrentals.lt\/lt\/","name":"Balticrentals.lt","description":"","potentialAction":[{"@type":"SearchAction","target":{"@type":"EntryPoint","urlTemplate":"https:\/\/www.balticrentals.lt\/lt\/?s={search_term_string}"},"query-input":{"@type":"PropertyValueSpecification","valueRequired":true,"valueName":"search_term_string"}}],"inLanguage":"lt-LT"}]}},"jetpack_sharing_enabled":true,"_links":{"self":[{"href":"https:\/\/www.balticrentals.lt\/lt\/wp-json\/wp\/v2\/pages\/4459","targetHints":{"allow":["GET"]}}],"collection":[{"href":"https:\/\/www.balticrentals.lt\/lt\/wp-json\/wp\/v2\/pages"}],"about":[{"href":"https:\/\/www.balticrentals.lt\/lt\/wp-json\/wp\/v2\/types\/page"}],"author":[{"embeddable":true,"href":"https:\/\/www.balticrentals.lt\/lt\/wp-json\/wp\/v2\/users\/1"}],"replies":[{"embeddable":true,"href":"https:\/\/www.balticrentals.lt\/lt\/wp-json\/wp\/v2\/comments?post=4459"}],"version-history":[{"count":1,"href":"https:\/\/www.balticrentals.lt\/lt\/wp-json\/wp\/v2\/pages\/4459\/revisions"}],"predecessor-version":[{"id":4460,"href":"https:\/\/www.balticrentals.lt\/lt\/wp-json\/wp\/v2\/pages\/4459\/revisions\/4460"}],"wp:attachment":[{"href":"https:\/\/www.balticrentals.lt\/lt\/wp-json\/wp\/v2\/media?parent=4459"}],"curies":[{"name":"wp","href":"https:\/\/api.w.org\/{rel}","templated":true}]}}