{"id":4258,"date":"2020-02-26T09:30:31","date_gmt":"2020-02-26T09:30:31","guid":{"rendered":"https:\/\/www.balticrentals.lt\/kainodara\/"},"modified":"2023-07-07T20:25:15","modified_gmt":"2023-07-07T20:25:15","slug":"kainodara","status":"publish","type":"page","link":"https:\/\/www.balticrentals.lt\/lt\/kainodara\/","title":{"rendered":"Kainodara"},"content":{"rendered":"\t\t<div data-elementor-type=\"wp-page\" data-elementor-id=\"4258\" class=\"elementor elementor-4258 elementor-43\">\n\t\t\t\t\t\t<section class=\"elementor-section elementor-top-section elementor-element elementor-element-80a5c8e elementor-section-stretched elementor-section-boxed elementor-section-height-default elementor-section-height-default\" data-id=\"80a5c8e\" data-element_type=\"section\" data-settings=\"{&quot;stretch_section&quot;:&quot;section-stretched&quot;,&quot;background_background&quot;:&quot;classic&quot;}\">\n\t\t\t\t\t\t<div class=\"elementor-container elementor-column-gap-extended\">\n\t\t\t\t\t<div class=\"elementor-column elementor-col-100 elementor-top-column elementor-element elementor-element-3f9e166\" data-id=\"3f9e166\" data-element_type=\"column\">\n\t\t\t<div class=\"elementor-widget-wrap elementor-element-populated\">\n\t\t\t\t\t\t<div class=\"elementor-element elementor-element-3e5aa22 elementor-widget elementor-widget-heading\" data-id=\"3e5aa22\" data-element_type=\"widget\" data-widget_type=\"heading.default\">\n\t\t\t\t<div class=\"elementor-widget-container\">\n\t\t\t\t\t<h2 class=\"elementor-heading-title elementor-size-default\">Pasirinkite Jums tinkam\u0105 plan\u0105<\/h2>\t\t\t\t<\/div>\n\t\t\t\t<\/div>\n\t\t\t\t<div class=\"elementor-element elementor-element-c4d4176 elementor-widget elementor-widget-heading\" data-id=\"c4d4176\" data-element_type=\"widget\" data-widget_type=\"heading.default\">\n\t\t\t\t<div class=\"elementor-widget-container\">\n\t\t\t\t\t<div class=\"elementor-heading-title elementor-size-default\">Teikiame visas paslaugas kiekviename \u017eingsnyje<\/div>\t\t\t\t<\/div>\n\t\t\t\t<\/div>\n\t\t\t\t\t<\/div>\n\t\t<\/div>\n\t\t\t\t\t<\/div>\n\t\t<\/section>\n\t\t\t\t<section class=\"elementor-section elementor-top-section elementor-element elementor-element-37e7f08 elementor-section-stretched elementor-section-boxed elementor-section-height-default elementor-section-height-default\" data-id=\"37e7f08\" data-element_type=\"section\" data-settings=\"{&quot;stretch_section&quot;:&quot;section-stretched&quot;}\">\n\t\t\t\t\t\t<div class=\"elementor-container elementor-column-gap-extended\">\n\t\t\t\t\t<div class=\"elementor-column elementor-col-100 elementor-top-column elementor-element elementor-element-fb1ad34\" data-id=\"fb1ad34\" data-element_type=\"column\">\n\t\t\t<div class=\"elementor-widget-wrap elementor-element-populated\">\n\t\t\t\t\t\t<div class=\"elementor-element elementor-element-89f0506 elementor-widget elementor-widget-apus_element_packages\" data-id=\"89f0506\" data-element_type=\"widget\" data-widget_type=\"apus_element_packages.default\">\n\t\t\t\t<div class=\"elementor-widget-container\">\n\t\t\t\t\t        <div class=\"woocommerce widget-subwoo \">\n                            <div class=\"row\">\n                                            <div class=\"col-xs-12 col-sm-4\">\n                            <div class=\"subwoo-inner is_featured\">\n                                <div class=\"item\">\n                                    <div class=\"header-sub\">\n                                        <div class=\"price\"><span class=\"woocommerce-Price-amount amount\"><bdi>3,00&nbsp;<span class=\"woocommerce-Price-currencySymbol\">&euro;<\/span><\/bdi><\/span><\/div>\n                                        <h3 class=\"title\">Standard Plan<\/h3>\n                                                                                    <div class=\"short-des\"><ul>\n<li>1 Property<\/li>\n<li>30 Day Listing (Not Featured)<\/li>\n<\/ul>\n<\/div>\n                                                                            <\/div>\n                                    <div class=\"bottom-sub\">\n                                        <div class=\"button-action\"><div class=\"add-cart\"><a href=\"\/lt\/wp-json\/wp\/v2\/pages\/4258?add-to-cart=1389\" rel=\"nofollow\" data-product_id=\"1389\" data-product_sku=\"\" data-quantity=\"1\" class=\"button product_type_property_package add_to_cart_button ajax_add_to_cart product_type_property_package\">\u012e krep\u0161el\u012f<\/a><\/div><\/div>\n                                    <\/div>\n                                <\/div>\n                            <\/div>\n                        <\/div>  \n                                            <div class=\"col-xs-12 col-sm-4\">\n                            <div class=\"subwoo-inner is_featured\">\n                                <div class=\"item\">\n                                    <div class=\"header-sub\">\n                                        <div class=\"price\"><span class=\"woocommerce-Price-amount amount\"><bdi>5,00&nbsp;<span class=\"woocommerce-Price-currencySymbol\">&euro;<\/span><\/bdi><\/span><\/div>\n                                        <h3 class=\"title\">Extended Plan<\/h3>\n                                                                                    <div class=\"short-des\"><ul>\n<li>1 Property<\/li>\n<li>90 Day Listing (Not Featured)<\/li>\n<\/ul>\n<\/div>\n                                                                            <\/div>\n                                    <div class=\"bottom-sub\">\n                                        <div class=\"button-action\"><div class=\"add-cart\"><a href=\"\/lt\/wp-json\/wp\/v2\/pages\/4258?add-to-cart=1388\" rel=\"nofollow\" data-product_id=\"1388\" data-product_sku=\"\" data-quantity=\"1\" class=\"button product_type_property_package add_to_cart_button ajax_add_to_cart product_type_property_package\">\u012e krep\u0161el\u012f<\/a><\/div><\/div>\n                                    <\/div>\n                                <\/div>\n                            <\/div>\n                        <\/div>  \n                                            <div class=\"col-xs-12 col-sm-4\">\n                            <div class=\"subwoo-inner is_featured\">\n                                <div class=\"item\">\n                                    <div class=\"header-sub\">\n                                        <div class=\"price\"><span class=\"woocommerce-Price-amount amount\"><bdi>10,00&nbsp;<span class=\"woocommerce-Price-currencySymbol\">&euro;<\/span><\/bdi><\/span><\/div>\n                                        <h3 class=\"title\">Premium Plan<\/h3>\n                                                                                    <div class=\"short-des\"><ul>\n<li>1 Property<\/li>\n<li>365 Day Featured Listing<\/li>\n<\/ul>\n<\/div>\n                                                                            <\/div>\n                                    <div class=\"bottom-sub\">\n                                        <div class=\"button-action\"><div class=\"add-cart\"><a href=\"\/lt\/wp-json\/wp\/v2\/pages\/4258?add-to-cart=1387\" rel=\"nofollow\" data-product_id=\"1387\" data-product_sku=\"\" data-quantity=\"1\" class=\"button product_type_property_package add_to_cart_button ajax_add_to_cart product_type_property_package\">\u012e krep\u0161el\u012f<\/a><\/div><\/div>\n                                    <\/div>\n                                <\/div>\n                            <\/div>\n                        <\/div>  \n                                    <\/div>\n                                    <\/div>\n        \t\t\t\t<\/div>\n\t\t\t\t<\/div>\n\t\t\t\t\t<\/div>\n\t\t<\/div>\n\t\t\t\t\t<\/div>\n\t\t<\/section>\n\t\t\t\t<section class=\"elementor-section elementor-top-section elementor-element elementor-element-be36c46 elementor-section-stretched elementor-section-content-middle elementor-section-boxed elementor-section-height-default elementor-section-height-default\" data-id=\"be36c46\" data-element_type=\"section\" data-settings=\"{&quot;stretch_section&quot;:&quot;section-stretched&quot;,&quot;background_background&quot;:&quot;classic&quot;}\">\n\t\t\t\t\t\t<div class=\"elementor-container elementor-column-gap-extended\">\n\t\t\t\t\t<div class=\"elementor-column elementor-col-50 elementor-top-column elementor-element elementor-element-067da08\" data-id=\"067da08\" data-element_type=\"column\">\n\t\t\t<div class=\"elementor-widget-wrap elementor-element-populated\">\n\t\t\t\t\t\t<div class=\"elementor-element elementor-element-053d4dd elementor-widget elementor-widget-heading\" data-id=\"053d4dd\" data-element_type=\"widget\" data-widget_type=\"heading.default\">\n\t\t\t\t<div class=\"elementor-widget-container\">\n\t\t\t\t\t<h2 class=\"elementor-heading-title elementor-size-default\">Tapk nekilnojamojo turto agentu<\/h2>\t\t\t\t<\/div>\n\t\t\t\t<\/div>\n\t\t\t\t<div class=\"elementor-element elementor-element-bcc6e3d elementor-widget elementor-widget-heading\" data-id=\"bcc6e3d\" data-element_type=\"widget\" data-widget_type=\"heading.default\">\n\t\t\t\t<div class=\"elementor-widget-container\">\n\t\t\t\t\t<div class=\"elementor-heading-title elementor-size-default\">Dirbame tik su geriausiomis pasaulio \u012fmon\u0117mis<\/div>\t\t\t\t<\/div>\n\t\t\t\t<\/div>\n\t\t\t\t\t<\/div>\n\t\t<\/div>\n\t\t\t\t<div class=\"elementor-column elementor-col-50 elementor-top-column elementor-element elementor-element-df7497d\" data-id=\"df7497d\" data-element_type=\"column\">\n\t\t\t<div class=\"elementor-widget-wrap elementor-element-populated\">\n\t\t\t\t\t\t<div class=\"elementor-element elementor-element-f60de16 elementor-align-right elementor-mobile-align-left elementor-widget elementor-widget-button\" data-id=\"f60de16\" data-element_type=\"widget\" data-widget_type=\"button.default\">\n\t\t\t\t<div class=\"elementor-widget-container\">\n\t\t\t\t\t\t\t\t\t<div class=\"elementor-button-wrapper\">\n\t\t\t\t\t<a class=\"elementor-button elementor-button-link elementor-size-md\" href=\"#\">\n\t\t\t\t\t\t<span class=\"elementor-button-content-wrapper\">\n\t\t\t\t\t\t\t\t\t<span class=\"elementor-button-text\">Registruokis dabar<\/span>\n\t\t\t\t\t<\/span>\n\t\t\t\t\t<\/a>\n\t\t\t\t<\/div>\n\t\t\t\t\t\t\t\t<\/div>\n\t\t\t\t<\/div>\n\t\t\t\t\t<\/div>\n\t\t<\/div>\n\t\t\t\t\t<\/div>\n\t\t<\/section>\n\t\t\t\t<\/div>\n\t\t","protected":false},"excerpt":{"rendered":"<p>Pasirinkite Jums tinkam\u0105 plan\u0105 Teikiame visas paslaugas kiekviename \u017eingsnyje 4,99&nbsp;\u20ac Standard Plan 1 Property 30 Day Listing (Not Featured) Add to cart 14,99&nbsp;\u20ac Extended Plan 1 Property 90 Day Listing (Not Featured) Add to cart 89,99&nbsp;\u20ac Premium Plan 1 Property 365 Day Featured Listing Add to cart Tapk nekilnojamojo turto agentu Dirbame tik su geriausiomis [&hellip;]<\/p>\n","protected":false},"author":1,"featured_media":0,"parent":0,"menu_order":0,"comment_status":"closed","ping_status":"closed","template":"","meta":{"_uf_show_specific_survey":0,"_uf_disable_surveys":false,"footnotes":""},"class_list":["post-4258","page","type-page","status-publish","hentry"],"yoast_head":"<!-- This site is optimized with the Yoast SEO Premium plugin v23.0 (Yoast SEO v26.7) - https:\/\/yoast.com\/wordpress\/plugins\/seo\/ -->\n<title>Kainodara - Balticrentals.lt<\/title>\n<meta name=\"robots\" content=\"index, follow, max-snippet:-1, max-image-preview:large, max-video-preview:-1\" \/>\n<link rel=\"canonical\" href=\"https:\/\/www.balticrentals.lt\/lt\/kainodara\/\" \/>\n<meta property=\"og:locale\" content=\"lt_LT\" \/>\n<meta property=\"og:type\" content=\"article\" \/>\n<meta property=\"og:title\" content=\"Kainodara\" \/>\n<meta property=\"og:description\" content=\"Pasirinkite Jums tinkam\u0105 plan\u0105 Teikiame visas paslaugas kiekviename \u017eingsnyje 4,99&nbsp;\u20ac Standard Plan 1 Property 30 Day Listing (Not Featured) Add to cart 14,99&nbsp;\u20ac Extended Plan 1 Property 90 Day Listing (Not Featured) Add to cart 89,99&nbsp;\u20ac Premium Plan 1 Property 365 Day Featured Listing Add to cart Tapk nekilnojamojo turto agentu Dirbame tik su geriausiomis [&hellip;]\" \/>\n<meta property=\"og:url\" content=\"https:\/\/www.balticrentals.lt\/lt\/kainodara\/\" \/>\n<meta property=\"og:site_name\" content=\"Balticrentals.lt\" \/>\n<meta property=\"article:publisher\" content=\"https:\/\/www.facebook.com\/balticrentals.lt\/\" \/>\n<meta property=\"article:modified_time\" content=\"2023-07-07T20:25:15+00:00\" \/>\n<meta property=\"og:image\" content=\"https:\/\/www.balticrentals.lt\/wp-content\/uploads\/2023\/02\/balticrentals_1200x675.jpg\" \/>\n\t<meta property=\"og:image:width\" content=\"1200\" \/>\n\t<meta property=\"og:image:height\" content=\"675\" \/>\n\t<meta property=\"og:image:type\" content=\"image\/jpeg\" \/>\n<meta name=\"twitter:card\" content=\"summary_large_image\" \/>\n<meta name=\"twitter:site\" content=\"@balticrentals\" \/>\n<meta name=\"twitter:label1\" content=\"Est. reading time\" \/>\n\t<meta name=\"twitter:data1\" content=\"1 minut\u0117\" \/>\n<script type=\"application\/ld+json\" class=\"yoast-schema-graph\">{\"@context\":\"https:\/\/schema.org\",\"@graph\":[{\"@type\":\"WebPage\",\"@id\":\"https:\/\/www.balticrentals.lt\/lt\/kainodara\/\",\"url\":\"https:\/\/www.balticrentals.lt\/lt\/kainodara\/\",\"name\":\"Kainodara - Balticrentals.lt\",\"isPartOf\":{\"@id\":\"https:\/\/www.balticrentals.lt\/lt\/#website\"},\"datePublished\":\"2020-02-26T09:30:31+00:00\",\"dateModified\":\"2023-07-07T20:25:15+00:00\",\"breadcrumb\":{\"@id\":\"https:\/\/www.balticrentals.lt\/lt\/kainodara\/#breadcrumb\"},\"inLanguage\":\"lt-LT\",\"potentialAction\":[{\"@type\":\"ReadAction\",\"target\":[\"https:\/\/www.balticrentals.lt\/lt\/kainodara\/\"]}]},{\"@type\":\"BreadcrumbList\",\"@id\":\"https:\/\/www.balticrentals.lt\/lt\/kainodara\/#breadcrumb\",\"itemListElement\":[{\"@type\":\"ListItem\",\"position\":1,\"name\":\"Home\",\"item\":\"https:\/\/www.balticrentals.lt\/lt\/\"},{\"@type\":\"ListItem\",\"position\":2,\"name\":\"Kainodara\"}]},{\"@type\":\"WebSite\",\"@id\":\"https:\/\/www.balticrentals.lt\/lt\/#website\",\"url\":\"https:\/\/www.balticrentals.lt\/lt\/\",\"name\":\"Balticrentals.lt\",\"description\":\"\",\"potentialAction\":[{\"@type\":\"SearchAction\",\"target\":{\"@type\":\"EntryPoint\",\"urlTemplate\":\"https:\/\/www.balticrentals.lt\/lt\/?s={search_term_string}\"},\"query-input\":{\"@type\":\"PropertyValueSpecification\",\"valueRequired\":true,\"valueName\":\"search_term_string\"}}],\"inLanguage\":\"lt-LT\"}]}<\/script>\n<meta property=\"product:price:amount\" content=\"10.00\" \/>\n<meta property=\"product:price:currency\" content=\"EUR\" \/>\n<meta property=\"og:availability\" content=\"instock\" \/>\n<meta property=\"product:availability\" content=\"instock\" \/>\n<meta property=\"product:condition\" content=\"new\" \/>\n<!-- \/ Yoast SEO Premium plugin. -->","yoast_head_json":{"title":"Kainodara - Balticrentals.lt","robots":{"index":"index","follow":"follow","max-snippet":"max-snippet:-1","max-image-preview":"max-image-preview:large","max-video-preview":"max-video-preview:-1"},"canonical":"https:\/\/www.balticrentals.lt\/lt\/kainodara\/","og_locale":"lt_LT","og_type":"article","og_title":"Kainodara","og_description":"Pasirinkite Jums tinkam\u0105 plan\u0105 Teikiame visas paslaugas kiekviename \u017eingsnyje 4,99&nbsp;\u20ac Standard Plan 1 Property 30 Day Listing (Not Featured) Add to cart 14,99&nbsp;\u20ac Extended Plan 1 Property 90 Day Listing (Not Featured) Add to cart 89,99&nbsp;\u20ac Premium Plan 1 Property 365 Day Featured Listing Add to cart Tapk nekilnojamojo turto agentu Dirbame tik su geriausiomis [&hellip;]","og_url":"https:\/\/www.balticrentals.lt\/lt\/kainodara\/","og_site_name":"Balticrentals.lt","article_publisher":"https:\/\/www.facebook.com\/balticrentals.lt\/","article_modified_time":"2023-07-07T20:25:15+00:00","og_image":[{"width":1200,"height":675,"url":"https:\/\/www.balticrentals.lt\/wp-content\/uploads\/2023\/02\/balticrentals_1200x675.jpg","type":"image\/jpeg"}],"twitter_card":"summary_large_image","twitter_site":"@balticrentals","twitter_misc":{"Est. reading time":"1 minut\u0117"},"schema":{"@context":"https:\/\/schema.org","@graph":[{"@type":"WebPage","@id":"https:\/\/www.balticrentals.lt\/lt\/kainodara\/","url":"https:\/\/www.balticrentals.lt\/lt\/kainodara\/","name":"Kainodara - Balticrentals.lt","isPartOf":{"@id":"https:\/\/www.balticrentals.lt\/lt\/#website"},"datePublished":"2020-02-26T09:30:31+00:00","dateModified":"2023-07-07T20:25:15+00:00","breadcrumb":{"@id":"https:\/\/www.balticrentals.lt\/lt\/kainodara\/#breadcrumb"},"inLanguage":"lt-LT","potentialAction":[{"@type":"ReadAction","target":["https:\/\/www.balticrentals.lt\/lt\/kainodara\/"]}]},{"@type":"BreadcrumbList","@id":"https:\/\/www.balticrentals.lt\/lt\/kainodara\/#breadcrumb","itemListElement":[{"@type":"ListItem","position":1,"name":"Home","item":"https:\/\/www.balticrentals.lt\/lt\/"},{"@type":"ListItem","position":2,"name":"Kainodara"}]},{"@type":"WebSite","@id":"https:\/\/www.balticrentals.lt\/lt\/#website","url":"https:\/\/www.balticrentals.lt\/lt\/","name":"Balticrentals.lt","description":"","potentialAction":[{"@type":"SearchAction","target":{"@type":"EntryPoint","urlTemplate":"https:\/\/www.balticrentals.lt\/lt\/?s={search_term_string}"},"query-input":{"@type":"PropertyValueSpecification","valueRequired":true,"valueName":"search_term_string"}}],"inLanguage":"lt-LT"}]},"product_price_amount":"10.00","product_price_currency":"EUR","og_availability":"instock","product_availability":"instock","product_condition":"new"},"jetpack_sharing_enabled":true,"_links":{"self":[{"href":"https:\/\/www.balticrentals.lt\/lt\/wp-json\/wp\/v2\/pages\/4258","targetHints":{"allow":["GET"]}}],"collection":[{"href":"https:\/\/www.balticrentals.lt\/lt\/wp-json\/wp\/v2\/pages"}],"about":[{"href":"https:\/\/www.balticrentals.lt\/lt\/wp-json\/wp\/v2\/types\/page"}],"author":[{"embeddable":true,"href":"https:\/\/www.balticrentals.lt\/lt\/wp-json\/wp\/v2\/users\/1"}],"replies":[{"embeddable":true,"href":"https:\/\/www.balticrentals.lt\/lt\/wp-json\/wp\/v2\/comments?post=4258"}],"version-history":[{"count":8,"href":"https:\/\/www.balticrentals.lt\/lt\/wp-json\/wp\/v2\/pages\/4258\/revisions"}],"predecessor-version":[{"id":4285,"href":"https:\/\/www.balticrentals.lt\/lt\/wp-json\/wp\/v2\/pages\/4258\/revisions\/4285"}],"wp:attachment":[{"href":"https:\/\/www.balticrentals.lt\/lt\/wp-json\/wp\/v2\/media?parent=4258"}],"curies":[{"name":"wp","href":"https:\/\/api.w.org\/{rel}","templated":true}]}}